{"id":9,"date":"2009-01-16T10:33:54","date_gmt":"2009-01-16T09:33:54","guid":{"rendered":"https:\/\/abonyita.inf.elte.hu\/?page_id=9"},"modified":"2019-01-07T09:04:37","modified_gmt":"2019-01-07T08:04:37","slug":"oktatas","status":"publish","type":"page","link":"https:\/\/abonyita.inf.elte.hu\/?page_id=9","title":{"rendered":"Oktatott t\u00e1rgyak"},"content":{"rendered":"<p>A <a href=\"http:\/\/www.inf.elte.hu\/mot\" target=\"_self\">M\u00e9dia- \u00e9s Oktat\u00e1sinformatika Tansz\u00e9k <\/a>keretein bel\u00fcl sz\u00e1mos kurzus kidolgoz\u00f3ja \u00e9s gyakorlatvezet\u0151je vagyok. A konkr\u00e9t kurzusokr\u00f3l az egyes almen\u00fck adnak tov\u00e1bbi inform\u00e1ci\u00f3kat.<\/p>\n<p>[subpages]<\/p>\n","protected":false},"excerpt":{"rendered":"<p>A M\u00e9dia- \u00e9s Oktat\u00e1sinformatika Tansz\u00e9k keretein bel\u00fcl sz\u00e1mos kurzus kidolgoz\u00f3ja \u00e9s gyakorlatvezet\u0151je vagyok. A konkr\u00e9t kurzusokr\u00f3l az egyes almen\u00fck adnak tov\u00e1bbi inform\u00e1ci\u00f3kat. [subpages]<\/p>\n<a href=\"https:\/\/abonyita.inf.elte.hu\/?page_id=9\" class=\"read-more-link\">Tov\u00e1bb olvasom  <span class=\"screen-reader-text\">\"Oktatott t\u00e1rgyak\"<\/span> <span class=\"meta-nav\">&rarr;<\/span><\/a>","protected":false},"author":1,"featured_media":2187,"parent":0,"menu_order":0,"comment_status":"closed","ping_status":"closed","template":"page-template\/_sidebar.php","meta":{"footnotes":""},"class_list":["post-9","page","type-page","status-publish","has-post-thumbnail","hentry","penguin-post","penguin-post-not-sticky"],"_links":{"self":[{"href":"https:\/\/abonyita.inf.elte.hu\/index.php?rest_route=\/wp\/v2\/pages\/9","targetHints":{"allow":["GET"]}}],"collection":[{"href":"https:\/\/abonyita.inf.elte.hu\/index.php?rest_route=\/wp\/v2\/pages"}],"about":[{"href":"https:\/\/abonyita.inf.elte.hu\/index.php?rest_route=\/wp\/v2\/types\/page"}],"author":[{"embeddable":true,"href":"https:\/\/abonyita.inf.elte.hu\/index.php?rest_route=\/wp\/v2\/users\/1"}],"replies":[{"embeddable":true,"href":"https:\/\/abonyita.inf.elte.hu\/index.php?rest_route=%2Fwp%2Fv2%2Fcomments&post=9"}],"version-history":[{"count":15,"href":"https:\/\/abonyita.inf.elte.hu\/index.php?rest_route=\/wp\/v2\/pages\/9\/revisions"}],"predecessor-version":[{"id":2195,"href":"https:\/\/abonyita.inf.elte.hu\/index.php?rest_route=\/wp\/v2\/pages\/9\/revisions\/2195"}],"wp:featuredmedia":[{"embeddable":true,"href":"https:\/\/abonyita.inf.elte.hu\/index.php?rest_route=\/wp\/v2\/media\/2187"}],"wp:attachment":[{"href":"https:\/\/abonyita.inf.elte.hu\/index.php?rest_route=%2Fwp%2Fv2%2Fmedia&parent=9"}],"curies":[{"name":"wp","href":"https:\/\/api.w.org\/{rel}","templated":true}]}}