{"id":7,"date":"2009-01-16T10:32:04","date_gmt":"2009-01-16T09:32:04","guid":{"rendered":"https:\/\/abonyita.inf.elte.hu\/?page_id=7"},"modified":"2019-01-07T09:06:07","modified_gmt":"2019-01-07T08:06:07","slug":"tevekenysegek","status":"publish","type":"page","link":"https:\/\/abonyita.inf.elte.hu\/?page_id=7","title":{"rendered":"Tev\u00e9kenys\u00e9gek"},"content":{"rendered":"<ul>\n<li>1999 \u00f3ta informatika ill. egy\u00e9b tan\u00e1r- \u00e9s kutat\u00f3 szakos hallgat\u00f3k oktat\u00e1sa.<\/li>\n<li>2002-t\u0151l a programtervez\u0151 matematikus szakon meghirdetett Multim\u00e9dia S\u00e1v &#8222;Web-szerkeszt\u00e9s&#8221; tant\u00e1rgy\u00e1nak felel\u0151se, egyik oktat\u00f3ja<\/li>\n<li>Az ELTE rendszergazda k\u00e9pz\u00e9s Multim\u00e9dia tematik\u00e1j\u00e1nak \u00e9s tananyag\u00e1nak kidolgoz\u00e1sa, az el\u0151ad\u00e1sok \u00e9s gyakorlatok vezet\u0151je<\/li>\n<li>R\u00e9szv\u00e9tel a <a href=\"http:\/\/caesar.elte.hu\/~comlogo\/team\/\" target=\"_blank\" rel=\"noopener\">TeaM<\/a> (Teaching with Multimedia) Labor munk\u00e1j\u00e1ban, amely a multim\u00e9dia oktat\u00e1si k\u00f6rnyezetek kutat\u00e1s\u00e1val, fejleszt\u00e9s\u00e9vel, \u00e9rt\u00e9kel\u00e9s\u00e9vel, \u00e9s n\u00e9pszer\u0171s\u00edt\u00e9s\u00e9vel foglalkozik.<\/li>\n<li>A TEAM labor rendszergazd\u00e1ja 1997-t\u0151l.<\/li>\n<li>Az ELTE Informatikai Szakm\u00f3dszertani Csoport weblapjainak felel\u0151se (1997-t\u0151l 2003-ig)<\/li>\n<li>R\u00e9szv\u00e9tel a <a href=\"http:\/\/caesar.elte.hu\/~eurologo\/\" target=\"_blank\" rel=\"noopener\">Eurologo&#8217;97<\/a> konferencia szervez\u00e9s\u00e9ben, a konferencia-kiadv\u00e1ny \u00f6ssze\u00e1ll\u00edt\u00e1s\u00e1ban, \u00e9s az el\u0151ad\u00e1sok Web oldalakon t\u00f6rt\u00e9n\u0151 prezent\u00e1l\u00e1s\u00e1ban.<\/li>\n<li>Kutat\u00f3 \u00e9s fejleszt\u0151 munka az EU \u00e1ltal finansz\u00edrozott INCO-Copernicus <a href=\"http:\/\/caesar.elte.hu\/~comlogo\/team\/match\/\" target=\"_blank\" rel=\"noopener\">MATCh<\/a> 960106 projektben, amelynek keret\u00e9n bel\u00fcl egy multim\u00e9dia szerz\u0151i rendszer k\u00e9sz\u00fclt h\u00e1rom alkalmaz\u00e1ssal gyerekek r\u00e9sz\u00e9re (1997-1999).<\/li>\n<li>R\u00e9szv\u00e9tel az EU Educational Multimedia MM1020 Project <a href=\"http:\/\/www.netlogo.org\/\" target=\"_blank\" rel=\"noopener\">NETLogo<\/a>, Web alap\u00fa Logo Tan\u00e1rk\u00e9pz\u00e9s anyag\u00e1nak kidolgoz\u00e1s\u00e1ban (1999).<\/li>\n<li>A\u00a0 HTML nyelv \u00e9s a St\u00edluslapok oktat\u00e1s\u00e1val foglalkoz\u00f3 port\u00e1l\u00a0 l\u00e9trehoz\u00e1sa.<\/li>\n<li>R\u00e9szv\u00e9tel az\u00a0 <a href=\"http:\/\/ecoop2001.inf.elte.hu\/\" target=\"_blank\" rel=\"noopener\">ECOOP&#8217;2001<\/a> konferencia regisztr\u00e1ci\u00f3s modulj\u00e1nak elk\u00e9sz\u00edt\u00e9s\u00e9ben.<\/li>\n<li>A\u00a0 <a href=\"http:\/\/ceoi.inf.elte.hu\/ceoi2001\/\" target=\"_blank\" rel=\"noopener\">K\u00f6z\u00e9p-Eur\u00f3pai Informatikai Di\u00e1kolimpia (CEOI2001)<\/a> weblapj\u00e1nak elk\u00e9sz\u00edt\u00e9se, r\u00e9szv\u00e9tel az on-line verseny lebonyol\u00edt\u00e1s\u00e1ban<\/li>\n<li>R\u00e9szv\u00e9tel az OKSZTV alkalmaz\u00f3i verseny d\u00f6nt\u0151j\u00e9ben szerepl\u0151 feladatok kidolgoz\u00e1s\u00e1ban<\/li>\n<li>Az\u00a0 <a href=\"http:\/\/imagine.elte.hu\/\" target=\"_blank\" rel=\"noopener\">IMAGINE <\/a>multim\u00e9dia szerz\u0151i rendszer <a href=\"http:\/\/imagine.elte.hu\/\" target=\"_blank\" rel=\"noopener\">honlapj\u00e1nak <\/a>megtervez\u00e9se, \u00e9s a szerz\u0151i rendszer lokaliz\u00e1l\u00e1s\u00e1nak felel\u0151se.<\/li>\n<li>R\u00e9szv\u00e9tel az <a href=\"http:\/\/www.neumann-centenarium.hu\/it-hetproba\/\" target=\"_blank\" rel=\"noopener\">IT -h\u00e9tpr\u00f3ba<\/a> verseny feladatainak kidolgoz\u00e1s\u00e1ban (internet fordul\u00f3)<\/li>\n<li>Fejleszt\u0151 munka az EU \u00e1ltal finansz\u00edrozott <a href=\"http:\/\/matchsz.inf.elte.hu\/Colabs\" target=\"_blank\" rel=\"noopener\">Colabs<\/a> (Minerva) projektben, amelynek keret\u00e9n bel\u00fcl egy a gyerekeknek sz\u00f3l\u00f3, kollabor\u00e1ci\u00f3t t\u00e1mogat\u00f3 port\u00e1l \u00e9s sz\u00e1mos Imagine mikrovil\u00e1g ker\u00fclt kidolgoz\u00e1sra<\/li>\n<li>Az ELTE informatika tan\u00e1r szak (levelez\u0151) k\u00e9pz\u00e9s\u00e9ben az &#8222;Informatikai eszk\u00f6z\u00f6k az oktat\u00e1sban&#8221; tant\u00e1rgy tematik\u00e1j\u00e1nak kidolgoz\u00e1sa, gyakorlatok megtart\u00e1sa<\/li>\n<li>A\u00a0<a href=\"http:\/\/ceoi.inf.elte.hu\/ceoi2005\/\" target=\"_blank\" rel=\"noopener\">K\u00f6z\u00e9p-Eur\u00f3pai Informatikai Di\u00e1kolimpia (CEOI2005)<\/a> weblapj\u00e1nak \u00e9s regisztr\u00e1ci\u00f3s modulj\u00e1nak elk\u00e9sz\u00edt\u00e9se<\/li>\n<li>K\u00fcl\u00f6nb\u00f6z\u0151 informatikai versenyek p\u00e1lyam\u0171veinek b\u00edr\u00e1l\u00e1sa (pl. ThinkQuest, Verseny 2004)<\/li>\n<li>OTDK 2005 Multim\u00e9dia szekci\u00f3j\u00e1nak titk\u00e1ra, zs\u0171ritagja<\/li>\n<li><a href=\"http:\/\/ceoi.inf.elte.hu\/ceoi2005\/\" target=\"_blank\" rel=\"noopener\">K\u00f6z\u00e9p-Eur\u00f3pai Informatikai Di\u00e1kolimpia (CEOI2005)<\/a> szerkeszt\u0151- \u00e9s \u00e9rt\u00e9kel\u0151-bizotts\u00e1gi tags\u00e1g.<\/li>\n<li><a href=\"http:\/\/www.rsei.umk.pl\/issep\/\">ISSEP<\/a> &#8211; Informatics Education \u2013 the Bridge Between Using and Understanding Computers konferencia programbizotts\u00e1gi tags\u00e1g.<\/li>\n<li>Weboldalak arculat\u00e1nak elk\u00e9sz\u00edt\u00e9se, log\u00f3 tervez\u00e9s, honlapok, port\u00e1lok megval\u00f3s\u00edt\u00e1sa<\/li>\n<li>Akad\u00e1lymentes\u00edt\u00e9s, akad\u00e1lymentes weboldalk\u00e9sz\u00edt\u00e9s oktat\u00e1sa (Es\u00e9lyegyenl\u0151s\u00e9gi \u00e9s akad\u00e1lymentes\u00edt\u00e9si info-kommunik\u00e1ci\u00f3s\u00a0 szakoktat\u00f3 tan\u00fas\u00edtv\u00e1nnyal rendelkezem)<\/li>\n<li>E-learning szak\u00e9rt\u00e9s (ELTE)<\/li>\n<li>Digit\u00e1lis tartalomfejleszt\u00e9s<\/li>\n<li><a href=\"http:\/\/didmattech.inf.elte.hu\/\" target=\"_blank\" rel=\"noopener\">DidMatTech 2016<\/a> konferencia szervez\u0151bizotts\u00e1gi tag<\/li>\n<li><a href=\"https:\/\/mobiloktatas.wordpress.com\/\" target=\"_blank\" rel=\"noopener\">I. Mobil eszk\u00f6z\u00f6k az oktat\u00e1sban konferencia <\/a> (2016) tudom\u00e1nyos programbizotts\u00e1gi tag<\/li>\n<\/ul>\n<p>Az al\u00e1bbi almen\u00fckben tov\u00e1bbi inform\u00e1ci\u00f3kat tal\u00e1l a tev\u00e9kenys\u00e9geimmel kapcsolatban:<\/p>\n<p>[subpages]<\/p>\n","protected":false},"excerpt":{"rendered":"<p>1999 \u00f3ta informatika ill. egy\u00e9b tan\u00e1r- \u00e9s kutat\u00f3 szakos hallgat\u00f3k oktat\u00e1sa. 2002-t\u0151l a programtervez\u0151 matematikus szakon meghirdetett Multim\u00e9dia S\u00e1v &#8222;Web-szerkeszt\u00e9s&#8221; tant\u00e1rgy\u00e1nak felel\u0151se, egyik oktat\u00f3ja Az ELTE rendszergazda k\u00e9pz\u00e9s Multim\u00e9dia tematik\u00e1j\u00e1nak \u00e9s tananyag\u00e1nak kidolgoz\u00e1sa, az el\u0151ad\u00e1sok \u00e9s gyakorlatok vezet\u0151je R\u00e9szv\u00e9tel a TeaM (Teaching with Multimedia) Labor munk\u00e1j\u00e1ban, amely a multim\u00e9dia oktat\u00e1si k\u00f6rnyezetek kutat\u00e1s\u00e1val, fejleszt\u00e9s\u00e9vel, \u00e9rt\u00e9kel\u00e9s\u00e9vel, \u00e9s &#8230;<\/p>\n<a href=\"https:\/\/abonyita.inf.elte.hu\/?page_id=7\" class=\"read-more-link\">Tov\u00e1bb olvasom  <span class=\"screen-reader-text\">\"Tev\u00e9kenys\u00e9gek\"<\/span> <span class=\"meta-nav\">&rarr;<\/span><\/a>","protected":false},"author":1,"featured_media":2188,"parent":0,"menu_order":0,"comment_status":"closed","ping_status":"closed","template":"page-template\/_sidebar.php","meta":{"footnotes":""},"class_list":["post-7","page","type-page","status-publish","has-post-thumbnail","hentry","penguin-post","penguin-post-not-sticky"],"_links":{"self":[{"href":"https:\/\/abonyita.inf.elte.hu\/index.php?rest_route=\/wp\/v2\/pages\/7","targetHints":{"allow":["GET"]}}],"collection":[{"href":"https:\/\/abonyita.inf.elte.hu\/index.php?rest_route=\/wp\/v2\/pages"}],"about":[{"href":"https:\/\/abonyita.inf.elte.hu\/index.php?rest_route=\/wp\/v2\/types\/page"}],"author":[{"embeddable":true,"href":"https:\/\/abonyita.inf.elte.hu\/index.php?rest_route=\/wp\/v2\/users\/1"}],"replies":[{"embeddable":true,"href":"https:\/\/abonyita.inf.elte.hu\/index.php?rest_route=%2Fwp%2Fv2%2Fcomments&post=7"}],"version-history":[{"count":12,"href":"https:\/\/abonyita.inf.elte.hu\/index.php?rest_route=\/wp\/v2\/pages\/7\/revisions"}],"predecessor-version":[{"id":2196,"href":"https:\/\/abonyita.inf.elte.hu\/index.php?rest_route=\/wp\/v2\/pages\/7\/revisions\/2196"}],"wp:featuredmedia":[{"embeddable":true,"href":"https:\/\/abonyita.inf.elte.hu\/index.php?rest_route=\/wp\/v2\/media\/2188"}],"wp:attachment":[{"href":"https:\/\/abonyita.inf.elte.hu\/index.php?rest_route=%2Fwp%2Fv2%2Fmedia&parent=7"}],"curies":[{"name":"wp","href":"https:\/\/api.w.org\/{rel}","templated":true}]}}