{"id":69,"date":"2009-01-17T14:39:31","date_gmt":"2009-01-17T13:39:31","guid":{"rendered":"https:\/\/abonyita.inf.elte.hu\/?page_id=69"},"modified":"2019-01-07T09:04:56","modified_gmt":"2019-01-07T08:04:56","slug":"szamitogepes-alapismeretek","status":"publish","type":"page","link":"https:\/\/abonyita.inf.elte.hu\/?page_id=69","title":{"rendered":"Sz\u00e1m\u00edt\u00f3g\u00e9pes alapismeretek"},"content":{"rendered":"<p>A t\u00e1rgy weboldala:\u00a0<a href=\"https:\/\/szamrend.inf.elte.hu\">https:\/\/szamrend.inf.elte.hu<\/a><br \/>\n(Az \u00faj tantervben Sz\u00e1m\u00edt\u00f3g\u00e9pes rendszerek n\u00e9ven tal\u00e1lhat\u00f3 a t\u00e1rgy)<\/p>\n<p><strong>A gyakorlatok fel\u00f6lelik a k\u00f6vetkez\u0151 kompetenci\u00e1kat:<\/strong><\/p>\n<ul>\n<li>Ismeri a sz\u00e1m\u00edt\u00f3g\u00e9pek alapvet\u0151 elemeit, tud ak\u00e1r processzort is cser\u00e9lni a sz\u00e1m\u00edt\u00f3g\u00e9pben!<\/li>\n<li>Ismeri, haszn\u00e1lja a UNIX, Windows rendszerekben haszn\u00e1lhat\u00f3 alapvet\u0151 parancsokat, lehet\u0151s\u00e9geket.<\/li>\n<li>Haszn\u00e1lja az oper\u00e1ci\u00f3s rendszer parancs \u00e9s grafikus fel\u00fclet\u00e9t<\/li>\n<li>Haszn\u00e1lja a megfelel\u0151 sz\u00f6vegszerkeszt\u0151t (vi, joe, pico, notepad, )<\/li>\n<li>Ismeri az alapvet\u0151 f\u00e1jlkezel\u00e9s parancsokat (ls, cat, tail, head,cd, cp, mv , chmod, mc, meta-karakterek,stb.)<\/li>\n<li>Haszn\u00e1lja a folyamatkezel\u00e9si lehet\u0151s\u00e9geket (ps, kill, fg, bg, nohup, trap, sleep,stb.)<\/li>\n<li>Ismeri az alapvet\u0151 sz\u0171r\u0151 parancsokat ( wc, cut, grep, sed, awk,stb.), hasznos parancsokat (tar, zip, unzip, find,stb.)<\/li>\n<li>Haszn\u00e1lja a h\u00e1l\u00f3zatba kapcsolt sz\u00e1m\u00edt\u00f3g\u00e9p alapvet\u0151 lehet\u0151s\u00e9geit (b\u00f6ng\u00e9sz\u0151, mail, telnet, ssh, scp, putty, winscp, ping, traceroutestb.)<\/li>\n<li>Legyen k\u00e9pes alapvet\u0151 oper\u00e1ci\u00f3s rendszer (Linux, Windows) parancsf\u00e1jlok k\u00e9sz\u00edt\u00e9s\u00e9re(v\u00e1ltoz\u00f3k, param\u00e9terek, el\u00e1gaz\u00e1s, ciklus), haszn\u00e1lja a regul\u00e1ris kifejez\u00e9seket<\/li>\n<li>Ismeri a Powershell alapokat, parancsok fel\u00e9p\u00edt\u00e9s\u00e9t, haszn\u00e1lat\u00e1t<\/li>\n<li>K\u00e9pes alapvet\u0151 PowerShell szkriptek \u00edr\u00e1s\u00e1ra (v\u00e1ltoz\u00f3k, param\u00e9terek, el\u00e1gaz\u00e1s, ciklus, f\u00fcggv\u00e9ny haszn\u00e1lata)<\/li>\n<\/ul>\n","protected":false},"excerpt":{"rendered":"<p>A t\u00e1rgy weboldala:\u00a0https:\/\/szamrend.inf.elte.hu (Az \u00faj tantervben Sz\u00e1m\u00edt\u00f3g\u00e9pes rendszerek n\u00e9ven tal\u00e1lhat\u00f3 a t\u00e1rgy) A gyakorlatok fel\u00f6lelik a k\u00f6vetkez\u0151 kompetenci\u00e1kat: Ismeri a sz\u00e1m\u00edt\u00f3g\u00e9pek alapvet\u0151 elemeit, tud ak\u00e1r processzort is cser\u00e9lni a sz\u00e1m\u00edt\u00f3g\u00e9pben! Ismeri, haszn\u00e1lja a UNIX, Windows rendszerekben haszn\u00e1lhat\u00f3 alapvet\u0151 parancsokat, lehet\u0151s\u00e9geket. Haszn\u00e1lja az oper\u00e1ci\u00f3s rendszer parancs \u00e9s grafikus fel\u00fclet\u00e9t Haszn\u00e1lja a megfelel\u0151 sz\u00f6vegszerkeszt\u0151t (vi, joe, pico, &#8230;<\/p>\n<a href=\"https:\/\/abonyita.inf.elte.hu\/?page_id=69\" class=\"read-more-link\">Tov\u00e1bb olvasom  <span class=\"screen-reader-text\">\"Sz\u00e1m\u00edt\u00f3g\u00e9pes alapismeretek\"<\/span> <span class=\"meta-nav\">&rarr;<\/span><\/a>","protected":false},"author":1,"featured_media":2204,"parent":9,"menu_order":0,"comment_status":"closed","ping_status":"closed","template":"page-template\/_sidebar.php","meta":{"footnotes":""},"class_list":["post-69","page","type-page","status-publish","has-post-thumbnail","hentry","penguin-post","penguin-post-not-sticky"],"_links":{"self":[{"href":"https:\/\/abonyita.inf.elte.hu\/index.php?rest_route=\/wp\/v2\/pages\/69","targetHints":{"allow":["GET"]}}],"collection":[{"href":"https:\/\/abonyita.inf.elte.hu\/index.php?rest_route=\/wp\/v2\/pages"}],"about":[{"href":"https:\/\/abonyita.inf.elte.hu\/index.php?rest_route=\/wp\/v2\/types\/page"}],"author":[{"embeddable":true,"href":"https:\/\/abonyita.inf.elte.hu\/index.php?rest_route=\/wp\/v2\/users\/1"}],"replies":[{"embeddable":true,"href":"https:\/\/abonyita.inf.elte.hu\/index.php?rest_route=%2Fwp%2Fv2%2Fcomments&post=69"}],"version-history":[{"count":7,"href":"https:\/\/abonyita.inf.elte.hu\/index.php?rest_route=\/wp\/v2\/pages\/69\/revisions"}],"predecessor-version":[{"id":2205,"href":"https:\/\/abonyita.inf.elte.hu\/index.php?rest_route=\/wp\/v2\/pages\/69\/revisions\/2205"}],"up":[{"embeddable":true,"href":"https:\/\/abonyita.inf.elte.hu\/index.php?rest_route=\/wp\/v2\/pages\/9"}],"wp:featuredmedia":[{"embeddable":true,"href":"https:\/\/abonyita.inf.elte.hu\/index.php?rest_route=\/wp\/v2\/media\/2204"}],"wp:attachment":[{"href":"https:\/\/abonyita.inf.elte.hu\/index.php?rest_route=%2Fwp%2Fv2%2Fmedia&parent=69"}],"curies":[{"name":"wp","href":"https:\/\/api.w.org\/{rel}","templated":true}]}}