{"id":58,"date":"2009-01-17T14:05:21","date_gmt":"2009-01-17T13:05:21","guid":{"rendered":"https:\/\/abonyita.inf.elte.hu\/?page_id=58"},"modified":"2019-01-07T09:20:21","modified_gmt":"2019-01-07T08:20:21","slug":"korabbi-munkahelyek","status":"publish","type":"page","link":"https:\/\/abonyita.inf.elte.hu\/?page_id=58","title":{"rendered":"Szakmai tapasztalat"},"content":{"rendered":"<table class=\"reftabla\" border=\"0\" width=\"100%\" cellspacing=\"0\" cellpadding=\"3\">\n<tbody>\n<tr>\n<th class=\"refcol1\"><strong>Munk\u00e1ltat\u00f3 neve:<\/strong><\/th>\n<td><strong>E\u00f6tv\u00f6s Lor\u00e1nd Tudom\u00e1nyegyetem, Informatikai Kar, Informatika Szakm\u00f3dszertani Csoport majd k\u00e9s\u0151bb M\u00e9dia- \u00e9s oktat\u00e1sinformatikai Tansz\u00e9k<\/strong><\/td>\n<\/tr>\n<tr>\n<th scope=\"row\"><strong>Id\u0151tartam<br \/>\n(-t\u00f3l -ig):<\/strong><\/th>\n<td>1998. szeptember &#8211; (f\u0151\u00e1ll\u00e1s)<\/td>\n<\/tr>\n<tr>\n<th scope=\"row\"><strong>Tev\u00e9kenys\u00e9g t\u00edpusa:<\/strong><\/th>\n<td>Oktat\u00e1s<\/td>\n<\/tr>\n<tr>\n<th scope=\"row\"><strong>Foglalkoz\u00e1s, beoszt\u00e1s:<\/strong><\/th>\n<td>(Egyetemi) tan\u00e1rseg\u00e9d majd adjunktus<\/td>\n<\/tr>\n<tr>\n<th scope=\"row\"><strong>F\u0151bb tev\u00e9kenys\u00e9gek \u00e9s feladatk\u00f6r\u00f6k:<\/strong><\/th>\n<td>Nappali \u00e9s levelez\u0151 tagozatos informatika tan\u00e1rok oktat\u00e1sa, speci\u00e1lis kurzusok oktat\u00e1sa informatika \u00e9s programtervez\u0151 matematikus hallgat\u00f3k sz\u00e1m\u00e1ra, Multim\u00e9dia oktat\u00e1s rendszergazda k\u00e9pz\u00e9s keret\u00e9ben, rendszergazdas\u00e1g, e-learning kurzusok tervez\u00e9se, tananyagfejleszt\u00e9s, weblapok, port\u00e1lok arculat\u00e1nak tervez\u00e9se \u00e9s komplett megval\u00f3s\u00edt\u00e1sa, r\u00e9szv\u00e9tel a kari jegyzetbizotts\u00e1g munk\u00e1j\u00e1ban, r\u00e9szv\u00e9tel hazai \u00e9s k\u00fclf\u00f6ldi p\u00e1ly\u00e1zatokban, p\u00e1ly\u00e1zat\u00edr\u00e1s, akad\u00e1lymentes\u00edt\u00e9s, akad\u00e1lymentes weblapk\u00e9sz\u00edt\u00e9se oktat\u00e1sa (Es\u00e9lyegyenl\u0151s\u00e9gi \u00e9s akad\u00e1lymentes\u00edt\u00e9si info-kommunik\u00e1ci\u00f3s szakoktat\u00f3k\u00e9nt)<\/td>\n<\/tr>\n<tr>\n<th class=\"refcol1\"><strong>Munk\u00e1ltat\u00f3 neve:<\/strong><\/th>\n<td><strong>Educatio Kht, Sulinet programiroda<\/strong><\/td>\n<\/tr>\n<tr>\n<th scope=\"row\"><strong>Id\u0151tartam (-t\u00f3l -ig):<\/strong><\/th>\n<td>2003. szeptember &#8211; (mell\u00e9k\u00e1ll\u00e1s)<\/td>\n<\/tr>\n<tr>\n<th scope=\"row\"><strong>Tev\u00e9kenys\u00e9g t\u00edpusa:<\/strong><\/th>\n<td>Tartalomfejleszt\u00e9s, oktat\u00e1s, szak\u00e9rt\u0151i tev\u00e9kenys\u00e9g<\/td>\n<\/tr>\n<tr>\n<th scope=\"row\"><strong>Foglalkoz\u00e1s, beoszt\u00e1s:<\/strong><\/th>\n<td>Informatika rovatvezet\u0151<\/td>\n<\/tr>\n<tr>\n<th scope=\"row\"><strong>F\u0151bb tev\u00e9kenys\u00e9gek \u00e9s feladatk\u00f6r\u00f6k:<\/strong><\/th>\n<td>A Sulinet Oktat\u00e1s Informatika tartalmi szerkeszt\u00e9se, a rovat karbantart\u00e1sa, szakmai fel\u00fcgyelete, A k\u00f6zoktat\u00e1sban felhaszn\u00e1lhat\u00f3 tananyagegys\u00e9gek, oktat\u00e1si seg\u00e9danyagok, cikkek szerkeszt\u00e9se \u00e9s lektor\u00e1l\u00e1sa a Sulinet Informatika rovat sz\u00e1m\u00e1ra. A Sulinet Informatika rovatban megjelen\u0151 anyagok m\u00f3dszertani felhaszn\u00e1l\u00e1s\u00e1nak kidolgoz\u00e1sa, szakmai ellen\u0151rz\u00e9s. Szak\u00e9rt\u0151i, szaklektori feladatok a Sulinet Digit\u00e1lis Tud\u00e1sb\u00e1zis kialak\u00edt\u00e1s\u00e1val kapcsolatosan<\/td>\n<\/tr>\n<tr>\n<th class=\"refcol1\"><strong>Munk\u00e1ltat\u00f3 neve:<\/strong><\/th>\n<td><strong>SMARTX Informatikai Kft.<\/strong><\/td>\n<\/tr>\n<tr>\n<th scope=\"row\"><strong>Id\u0151tartam (-t\u00f3l -ig):<\/strong><\/th>\n<td>2002. \u00e1prilis &#8211; 2003. szeptember (mell\u00e9k\u00e1ll\u00e1s)<\/td>\n<\/tr>\n<tr>\n<th scope=\"row\"><strong>Tev\u00e9kenys\u00e9g t\u00edpusa:<\/strong><\/th>\n<td>informatikai rendszerek tervez\u00e9se, fejleszt\u00e9se, integr\u00e1l\u00e1sa, \u00fczemeltet\u00e9se \u00e9s karbantart\u00e1sa<\/td>\n<\/tr>\n<tr>\n<th scope=\"row\"><strong>Foglalkoz\u00e1s, beoszt\u00e1s:<\/strong><\/th>\n<td>Informatikai projektvezet\u0151<\/td>\n<\/tr>\n<tr>\n<th scope=\"row\"><strong>F\u0151bb tev\u00e9kenys\u00e9gek \u00e9s feladatk\u00f6r\u00f6k:<\/strong><\/th>\n<td>Informatikai projektek vezet\u00e9se, webes alkalmaz\u00e1sok arculat\u00e1nak tervez\u00e9se, intranetes szabv\u00e1nyok k\u00e9sz\u00edt\u00e9se c\u00e9gek sz\u00e1m\u00e1ra, oktat\u00e1s<\/td>\n<\/tr>\n<tr>\n<th class=\"refcol1\"><strong>Munk\u00e1ltat\u00f3 neve:<\/strong><\/th>\n<td><strong>Nomura \u00c9rt\u00e9kpap\u00edr Magyarorsz\u00e1g Rt.<\/strong><\/td>\n<\/tr>\n<tr>\n<th scope=\"row\"><strong>Id\u0151tartam (-t\u00f3l -ig):<\/strong><\/th>\n<td>1999. \u00e1prilis &#8211; 2001. m\u00e1jus (mell\u00e9k\u00e1ll\u00e1s)<\/td>\n<\/tr>\n<tr>\n<th scope=\"row\"><strong>Tev\u00e9kenys\u00e9g t\u00edpusa:<\/strong><\/th>\n<td>T\u0151zsdei \u00e9s t\u0151zsd\u00e9n k\u00edv\u00fcli r\u00e9szv\u00e9nykereskedelem, v\u00e1llalkoz\u00e1s finansz\u00edroz\u00e1s, gazdas\u00e1gi elemz\u00e9sek k\u00e9sz\u00edt\u00e9se, hat\u00e1rid\u0151s \u00e9s opci\u00f3s kereskedelem<\/td>\n<\/tr>\n<tr>\n<th scope=\"row\"><strong>Foglalkoz\u00e1s, beoszt\u00e1s:<\/strong><\/th>\n<td>Sz\u00e1m\u00edt\u00f3g\u00e9pes rendszeradminisztr\u00e1tor<\/td>\n<\/tr>\n<tr>\n<th scope=\"row\"><strong>F\u0151bb tev\u00e9kenys\u00e9gek \u00e9s feladatk\u00f6r\u00f6k:<\/strong><\/th>\n<td>A sz\u00e1m\u00edt\u00f3g\u00e9pes rendszer fel\u00fcgyelete, napi probl\u00e9m\u00e1k elh\u00e1r\u00edt\u00e1sa, install\u00e1l\u00e1s, hardver eszk\u00f6z\u00f6k beszerz\u00e9se, jav\u00edttat\u00e1sa, kapcsolattart\u00e1s a k\u00fclf\u00f6ldi irod\u00e1kkal<\/td>\n<\/tr>\n<\/tbody>\n<\/table>\n","protected":false},"excerpt":{"rendered":"<p>Munk\u00e1ltat\u00f3 neve: E\u00f6tv\u00f6s Lor\u00e1nd Tudom\u00e1nyegyetem, Informatikai Kar, Informatika Szakm\u00f3dszertani Csoport majd k\u00e9s\u0151bb M\u00e9dia- \u00e9s oktat\u00e1sinformatikai Tansz\u00e9k Id\u0151tartam (-t\u00f3l -ig): 1998. szeptember &#8211; (f\u0151\u00e1ll\u00e1s) Tev\u00e9kenys\u00e9g t\u00edpusa: Oktat\u00e1s Foglalkoz\u00e1s, beoszt\u00e1s: (Egyetemi) tan\u00e1rseg\u00e9d majd adjunktus F\u0151bb tev\u00e9kenys\u00e9gek \u00e9s feladatk\u00f6r\u00f6k: Nappali \u00e9s levelez\u0151 tagozatos informatika tan\u00e1rok oktat\u00e1sa, speci\u00e1lis kurzusok oktat\u00e1sa informatika \u00e9s programtervez\u0151 matematikus hallgat\u00f3k sz\u00e1m\u00e1ra, Multim\u00e9dia oktat\u00e1s rendszergazda &#8230;<\/p>\n<a href=\"https:\/\/abonyita.inf.elte.hu\/?page_id=58\" class=\"read-more-link\">Tov\u00e1bb olvasom  <span class=\"screen-reader-text\">\"Szakmai tapasztalat\"<\/span> <span class=\"meta-nav\">&rarr;<\/span><\/a>","protected":false},"author":1,"featured_media":2228,"parent":7,"menu_order":0,"comment_status":"closed","ping_status":"closed","template":"page-template\/_sidebar.php","meta":{"footnotes":""},"class_list":["post-58","page","type-page","status-publish","has-post-thumbnail","hentry","penguin-post","penguin-post-not-sticky"],"_links":{"self":[{"href":"https:\/\/abonyita.inf.elte.hu\/index.php?rest_route=\/wp\/v2\/pages\/58","targetHints":{"allow":["GET"]}}],"collection":[{"href":"https:\/\/abonyita.inf.elte.hu\/index.php?rest_route=\/wp\/v2\/pages"}],"about":[{"href":"https:\/\/abonyita.inf.elte.hu\/index.php?rest_route=\/wp\/v2\/types\/page"}],"author":[{"embeddable":true,"href":"https:\/\/abonyita.inf.elte.hu\/index.php?rest_route=\/wp\/v2\/users\/1"}],"replies":[{"embeddable":true,"href":"https:\/\/abonyita.inf.elte.hu\/index.php?rest_route=%2Fwp%2Fv2%2Fcomments&post=58"}],"version-history":[{"count":9,"href":"https:\/\/abonyita.inf.elte.hu\/index.php?rest_route=\/wp\/v2\/pages\/58\/revisions"}],"predecessor-version":[{"id":2241,"href":"https:\/\/abonyita.inf.elte.hu\/index.php?rest_route=\/wp\/v2\/pages\/58\/revisions\/2241"}],"up":[{"embeddable":true,"href":"https:\/\/abonyita.inf.elte.hu\/index.php?rest_route=\/wp\/v2\/pages\/7"}],"wp:featuredmedia":[{"embeddable":true,"href":"https:\/\/abonyita.inf.elte.hu\/index.php?rest_route=\/wp\/v2\/media\/2228"}],"wp:attachment":[{"href":"https:\/\/abonyita.inf.elte.hu\/index.php?rest_route=%2Fwp%2Fv2%2Fmedia&parent=58"}],"curies":[{"name":"wp","href":"https:\/\/api.w.org\/{rel}","templated":true}]}}