{"id":51,"date":"2009-01-17T13:54:23","date_gmt":"2009-01-17T12:54:23","guid":{"rendered":"https:\/\/abonyita.inf.elte.hu\/?page_id=51"},"modified":"2019-01-07T09:06:14","modified_gmt":"2019-01-07T08:06:14","slug":"publikacios-jegyzek","status":"publish","type":"page","link":"https:\/\/abonyita.inf.elte.hu\/?page_id=51","title":{"rendered":"Publik\u00e1ci\u00f3s jegyz\u00e9k"},"content":{"rendered":"<p>A<a href=\"https:\/\/m2.mtmt.hu\/gui2\/?type=authors&amp;mode=browse&amp;sel=10032297\"> publik\u00e1ci\u00f3s jegyz\u00e9kem<\/a> az MTMT&nbsp; port\u00e1lon, kateg\u00f3ri\u00e1kba rendezve el\u00e9rhet\u0151.<\/p>\n","protected":false},"excerpt":{"rendered":"<p>A publik\u00e1ci\u00f3s jegyz\u00e9kem az MTMT&nbsp; port\u00e1lon, kateg\u00f3ri\u00e1kba rendezve el\u00e9rhet\u0151.<\/p>\n<a href=\"https:\/\/abonyita.inf.elte.hu\/?page_id=51\" class=\"read-more-link\">Tov\u00e1bb olvasom  <span class=\"screen-reader-text\">\"Publik\u00e1ci\u00f3s jegyz\u00e9k\"<\/span> <span class=\"meta-nav\">&rarr;<\/span><\/a>","protected":false},"author":1,"featured_media":2229,"parent":7,"menu_order":0,"comment_status":"closed","ping_status":"closed","template":"page-template\/_sidebar.php","meta":{"footnotes":""},"class_list":["post-51","page","type-page","status-publish","has-post-thumbnail","hentry","penguin-post","penguin-post-not-sticky"],"_links":{"self":[{"href":"https:\/\/abonyita.inf.elte.hu\/index.php?rest_route=\/wp\/v2\/pages\/51","targetHints":{"allow":["GET"]}}],"collection":[{"href":"https:\/\/abonyita.inf.elte.hu\/index.php?rest_route=\/wp\/v2\/pages"}],"about":[{"href":"https:\/\/abonyita.inf.elte.hu\/index.php?rest_route=\/wp\/v2\/types\/page"}],"author":[{"embeddable":true,"href":"https:\/\/abonyita.inf.elte.hu\/index.php?rest_route=\/wp\/v2\/users\/1"}],"replies":[{"embeddable":true,"href":"https:\/\/abonyita.inf.elte.hu\/index.php?rest_route=%2Fwp%2Fv2%2Fcomments&post=51"}],"version-history":[{"count":10,"href":"https:\/\/abonyita.inf.elte.hu\/index.php?rest_route=\/wp\/v2\/pages\/51\/revisions"}],"predecessor-version":[{"id":2230,"href":"https:\/\/abonyita.inf.elte.hu\/index.php?rest_route=\/wp\/v2\/pages\/51\/revisions\/2230"}],"up":[{"embeddable":true,"href":"https:\/\/abonyita.inf.elte.hu\/index.php?rest_route=\/wp\/v2\/pages\/7"}],"wp:featuredmedia":[{"embeddable":true,"href":"https:\/\/abonyita.inf.elte.hu\/index.php?rest_route=\/wp\/v2\/media\/2229"}],"wp:attachment":[{"href":"https:\/\/abonyita.inf.elte.hu\/index.php?rest_route=%2Fwp%2Fv2%2Fmedia&parent=51"}],"curies":[{"name":"wp","href":"https:\/\/api.w.org\/{rel}","templated":true}]}}