{"id":2214,"date":"2019-01-03T21:02:06","date_gmt":"2019-01-03T20:02:06","guid":{"rendered":"https:\/\/abonyita.inf.elte.hu\/?page_id=2214"},"modified":"2019-10-07T13:05:34","modified_gmt":"2019-10-07T11:05:34","slug":"bevezetes-az-eselyegyenloseget-szolgalo-info-kommunikacios-technologiakba","status":"publish","type":"page","link":"https:\/\/abonyita.inf.elte.hu\/?page_id=2214","title":{"rendered":"Akad\u00e1lymentes\u00edt\u00e9s speci"},"content":{"rendered":"\r\n<p>A t\u00e1rgy teljes neve:\u00a0Bevezet\u00e9s az es\u00e9lyegyenl\u0151s\u00e9get szolg\u00e1l\u00f3 info-kommunik\u00e1ci\u00f3s technol\u00f3gi\u00e1kba<\/p>\r\n<ul class=\"wp-block-list\">\r\n<li>A fogyat\u00e9koss\u00e1g \u00e9s fogyat\u00e9koss\u00e1gfogalom \u00e9rtelmez\u00e9se. R\u00e9szv\u00e9tel \u00e9rz\u00e9keny\u00edt\u0151, szitu\u00e1ci\u00f3s gyakorlatokban (gyeng\u00e9nl\u00e1t\u00e1s szimul\u00e1l\u00e1sa, hall\u00e1ss\u00e9r\u00fcl\u00e9s szimul\u00e1l\u00e1sa, vaks\u00e1g szimul\u00e1l\u00e1sa\u2026)<\/li>\r\n<li>Mi\u00e9rt kell akad\u00e1lymentes\u00edteni? A fogyat\u00e9koss\u00e1ggal \u00e9l\u0151 felhaszn\u00e1l\u00f3k info-kommunik\u00e1ci\u00f3s ter\u00fcleten tapasztalhat\u00f3 akad\u00e1lyozotts\u00e1g\u00e1nak megismer\u00e9se.<\/li>\r\n<li>Ismerked\u00e9s a fogyat\u00e9koss\u00e1ggal \u00e9l\u0151 felhaszn\u00e1l\u00f3k \u00e1ltal haszn\u00e1lt hardver- \u00e9s szoftver eszk\u00f6z\u00f6kkel.<\/li>\r\n<li>Ismerked\u00e9s a WCAG 2.0 szabv\u00e1ny alapelveivel, ir\u00e1nyelveivel \u00e9s a teljes\u00edt\u00e9si felt\u00e9telekkel, valamint az akad\u00e1lymentess\u00e9gi elemz\u00e9s sor\u00e1n haszn\u00e1lhat\u00f3 eszk\u00f6z\u00f6kkel.<\/li>\r\n<li>Port\u00e1l elemz\u00e9se a WCAG 2.0 teljes\u00edt\u00e9si felt\u00e9telek alapj\u00e1n.<\/li>\r\n<li>Weblapok akad\u00e1lymentess\u00e9g\u00e9nek ellen\u0151rz\u00e9se k\u00e9perny\u0151olvas\u00f3 alkalmaz\u00e1sok (JAWS, NVDA) haszn\u00e1lat\u00e1val.<\/li>\r\n<li>Weboldalak akad\u00e1lymentes megval\u00f3s\u00edt\u00e1sa (m\u00e9diaelemek, t\u00e1bl\u00e1zatok, \u0171rlapok, \u2026 akad\u00e1lymentes\u00edt\u00e9se). WAI ARIA haszn\u00e1lata.<\/li>\r\n<li>Multim\u00e9di\u00e1s elemek akad\u00e1lymentes\u00edt\u00e9se, ismerked\u00e9s a vide\u00f3feliratoz\u00e1s elveivel, m\u00f3dszereivel \u00e9s a feliratoz\u00e1s sor\u00e1n haszn\u00e1lhat\u00f3 seg\u00e9deszk\u00f6z\u00f6kkel (pl. Subtitle Workshop).<\/li>\r\n<li>Vide\u00f3\u00e1llom\u00e1ny \u00f6n\u00e1ll\u00f3 akad\u00e1lymentes\u00edt\u00e9se, feliratoz\u00e1sa, hangz\u00f3 le\u00edr\u00e1s\u00e1nak \u00e9s teljes sz\u00f6veg\u0171 le\u00edr\u00e1s\u00e1nak elk\u00e9sz\u00edt\u00e9se.<\/li>\r\n<li>A fogyat\u00e9koss\u00e1ggal \u00e9l\u0151 emberek \u00e9letmin\u0151s\u00e9g\u00e9t jav\u00edt\u00f3 aktu\u00e1lis technol\u00f3gia megold\u00e1sok \u00e9s kutat\u00e1sok bemutat\u00e1sa.<\/li>\r\n<\/ul>\r\n","protected":false},"excerpt":{"rendered":"<p>A t\u00e1rgy teljes neve:\u00a0Bevezet\u00e9s az es\u00e9lyegyenl\u0151s\u00e9get szolg\u00e1l\u00f3 info-kommunik\u00e1ci\u00f3s technol\u00f3gi\u00e1kba A fogyat\u00e9koss\u00e1g \u00e9s fogyat\u00e9koss\u00e1gfogalom \u00e9rtelmez\u00e9se. R\u00e9szv\u00e9tel \u00e9rz\u00e9keny\u00edt\u0151, szitu\u00e1ci\u00f3s gyakorlatokban (gyeng\u00e9nl\u00e1t\u00e1s szimul\u00e1l\u00e1sa, hall\u00e1ss\u00e9r\u00fcl\u00e9s szimul\u00e1l\u00e1sa, vaks\u00e1g szimul\u00e1l\u00e1sa\u2026) Mi\u00e9rt kell akad\u00e1lymentes\u00edteni? A fogyat\u00e9koss\u00e1ggal \u00e9l\u0151 felhaszn\u00e1l\u00f3k info-kommunik\u00e1ci\u00f3s ter\u00fcleten tapasztalhat\u00f3 akad\u00e1lyozotts\u00e1g\u00e1nak megismer\u00e9se. Ismerked\u00e9s a fogyat\u00e9koss\u00e1ggal \u00e9l\u0151 felhaszn\u00e1l\u00f3k \u00e1ltal haszn\u00e1lt hardver- \u00e9s szoftver eszk\u00f6z\u00f6kkel. Ismerked\u00e9s a WCAG 2.0 szabv\u00e1ny alapelveivel, ir\u00e1nyelveivel \u00e9s &#8230;<\/p>\n<a href=\"https:\/\/abonyita.inf.elte.hu\/?page_id=2214\" class=\"read-more-link\">Tov\u00e1bb olvasom  <span class=\"screen-reader-text\">\"Akad\u00e1lymentes\u00edt\u00e9s speci\"<\/span> <span class=\"meta-nav\">&rarr;<\/span><\/a>","protected":false},"author":1,"featured_media":2215,"parent":9,"menu_order":1,"comment_status":"closed","ping_status":"closed","template":"","meta":{"footnotes":""},"class_list":["post-2214","page","type-page","status-publish","has-post-thumbnail","hentry","penguin-post","penguin-post-not-sticky"],"_links":{"self":[{"href":"https:\/\/abonyita.inf.elte.hu\/index.php?rest_route=\/wp\/v2\/pages\/2214","targetHints":{"allow":["GET"]}}],"collection":[{"href":"https:\/\/abonyita.inf.elte.hu\/index.php?rest_route=\/wp\/v2\/pages"}],"about":[{"href":"https:\/\/abonyita.inf.elte.hu\/index.php?rest_route=\/wp\/v2\/types\/page"}],"author":[{"embeddable":true,"href":"https:\/\/abonyita.inf.elte.hu\/index.php?rest_route=\/wp\/v2\/users\/1"}],"replies":[{"embeddable":true,"href":"https:\/\/abonyita.inf.elte.hu\/index.php?rest_route=%2Fwp%2Fv2%2Fcomments&post=2214"}],"version-history":[{"count":5,"href":"https:\/\/abonyita.inf.elte.hu\/index.php?rest_route=\/wp\/v2\/pages\/2214\/revisions"}],"predecessor-version":[{"id":2409,"href":"https:\/\/abonyita.inf.elte.hu\/index.php?rest_route=\/wp\/v2\/pages\/2214\/revisions\/2409"}],"up":[{"embeddable":true,"href":"https:\/\/abonyita.inf.elte.hu\/index.php?rest_route=\/wp\/v2\/pages\/9"}],"wp:featuredmedia":[{"embeddable":true,"href":"https:\/\/abonyita.inf.elte.hu\/index.php?rest_route=\/wp\/v2\/media\/2215"}],"wp:attachment":[{"href":"https:\/\/abonyita.inf.elte.hu\/index.php?rest_route=%2Fwp%2Fv2%2Fmedia&parent=2214"}],"curies":[{"name":"wp","href":"https:\/\/api.w.org\/{rel}","templated":true}]}}