{"id":2,"date":"2009-01-16T09:49:10","date_gmt":"2009-01-16T08:49:10","guid":{"rendered":"https:\/\/abonyita.inf.elte.hu\/?page_id=2"},"modified":"2025-12-11T13:45:20","modified_gmt":"2025-12-11T12:45:20","slug":"magamrol","status":"publish","type":"page","link":"https:\/\/abonyita.inf.elte.hu\/?page_id=2","title":{"rendered":"Magamr\u00f3l"},"content":{"rendered":"<p><strong>Abonyi-T\u00f3th Andor, PhD<\/strong><br \/>\nEgyetemi docens<br \/>\nEs\u00e9lyegyenl\u0151s\u00e9gi \u00e9s akad\u00e1lymentes\u00edt\u00e9si info-kommunik\u00e1ci\u00f3s\u00a0 szakoktat\u00f3<\/p>\n<p class=\"normaltext\">1975-ben sz\u00fclettem. Egyetemi diplom\u00e1imat az ELTE TTK-n szereztem informatika tan\u00e1ri (1999), majd technika tan\u00e1ri (2000) szakon.<\/p>\n<p class=\"normaltext\">1999 \u00f3ta oktatok az ELTE Term\u00e9szettudom\u00e1nyi, majd Informatikai kar\u00e1n.<\/p>\n<p class=\"normaltext\">Doktori kutat\u00e1si t\u00e9m\u00e1m: <em>Kollaborat\u00edv, internet alap\u00fa tanul\u00e1si fel\u00fcletek tervez\u00e9se \u00e9s a tanul\u00e1sban bet\u00f6lt\u00f6tt szerep\u00e9nek \u00e9rt\u00e9kel\u00e9se<\/em>.<br \/>\nDisszert\u00e1ci\u00f3mat 2014. december 8-\u00e1n v\u00e9dtem meg, <em>summa cum laude<\/em> min\u0151s\u00edt\u00e9ssel az ELTE Pedag\u00f3giai \u00e9s Pszichol\u00f3giai Kar\u00e1n.<\/p>\n<p>Az oktat\u00e1si tev\u00e9kenys\u00e9gemmel p\u00e1rhuzamosan t\u00f6bb c\u00e9gn\u00e9l is dolgoztam mell\u00e9k\u00e1ll\u00e1sban projektvezet\u0151k\u00e9nt, fejleszt\u0151k\u00e9nt, tananyag\u00edr\u00f3k\u00e9nt.<\/p>\n<p><strong>El\u00e9rhet\u0151s\u00e9gem:<\/strong><\/p>\n<p>C\u00edm: ELTE IK, M\u00e9dia- \u00e9s Oktat\u00e1sinformatikai Tansz\u00e9k<br \/>\n1117 Budapest, P\u00e1zm\u00e1ny P\u00e9ter s\u00e9t\u00e1ny 1\/C, 4.724,<br \/>\nTel: (1) 372-2500 \/8466, E-mail: <a href=\"mailto:abonyita@inf.elte.hu\">abonyita@inf.elte.hu<\/a>;<\/p>\n","protected":false},"excerpt":{"rendered":"<p>Abonyi-T\u00f3th Andor, PhD Egyetemi docens Es\u00e9lyegyenl\u0151s\u00e9gi \u00e9s akad\u00e1lymentes\u00edt\u00e9si info-kommunik\u00e1ci\u00f3s\u00a0 szakoktat\u00f3 1975-ben sz\u00fclettem. Egyetemi diplom\u00e1imat az ELTE TTK-n szereztem informatika tan\u00e1ri (1999), majd technika tan\u00e1ri (2000) szakon. 1999 \u00f3ta oktatok az ELTE Term\u00e9szettudom\u00e1nyi, majd Informatikai kar\u00e1n. Doktori kutat\u00e1si t\u00e9m\u00e1m: Kollaborat\u00edv, internet alap\u00fa tanul\u00e1si fel\u00fcletek tervez\u00e9se \u00e9s a tanul\u00e1sban bet\u00f6lt\u00f6tt szerep\u00e9nek \u00e9rt\u00e9kel\u00e9se. Disszert\u00e1ci\u00f3mat 2014. december 8-\u00e1n v\u00e9dtem &#8230;<\/p>\n<a href=\"https:\/\/abonyita.inf.elte.hu\/?page_id=2\" class=\"read-more-link\">Tov\u00e1bb olvasom  <span class=\"screen-reader-text\">\"Magamr\u00f3l\"<\/span> <span class=\"meta-nav\">&rarr;<\/span><\/a>","protected":false},"author":1,"featured_media":2186,"parent":0,"menu_order":0,"comment_status":"closed","ping_status":"closed","template":"","meta":{"footnotes":""},"class_list":["post-2","page","type-page","status-publish","has-post-thumbnail","hentry","penguin-post","penguin-post-not-sticky"],"_links":{"self":[{"href":"https:\/\/abonyita.inf.elte.hu\/index.php?rest_route=\/wp\/v2\/pages\/2","targetHints":{"allow":["GET"]}}],"collection":[{"href":"https:\/\/abonyita.inf.elte.hu\/index.php?rest_route=\/wp\/v2\/pages"}],"about":[{"href":"https:\/\/abonyita.inf.elte.hu\/index.php?rest_route=\/wp\/v2\/types\/page"}],"author":[{"embeddable":true,"href":"https:\/\/abonyita.inf.elte.hu\/index.php?rest_route=\/wp\/v2\/users\/1"}],"replies":[{"embeddable":true,"href":"https:\/\/abonyita.inf.elte.hu\/index.php?rest_route=%2Fwp%2Fv2%2Fcomments&post=2"}],"version-history":[{"count":40,"href":"https:\/\/abonyita.inf.elte.hu\/index.php?rest_route=\/wp\/v2\/pages\/2\/revisions"}],"predecessor-version":[{"id":2610,"href":"https:\/\/abonyita.inf.elte.hu\/index.php?rest_route=\/wp\/v2\/pages\/2\/revisions\/2610"}],"wp:featuredmedia":[{"embeddable":true,"href":"https:\/\/abonyita.inf.elte.hu\/index.php?rest_route=\/wp\/v2\/media\/2186"}],"wp:attachment":[{"href":"https:\/\/abonyita.inf.elte.hu\/index.php?rest_route=%2Fwp%2Fv2%2Fmedia&parent=2"}],"curies":[{"name":"wp","href":"https:\/\/api.w.org\/{rel}","templated":true}]}}