{"id":1920,"date":"2017-05-03T14:59:29","date_gmt":"2017-05-03T12:59:29","guid":{"rendered":"https:\/\/abonyita.inf.elte.hu\/?page_id=1920"},"modified":"2019-01-07T09:05:56","modified_gmt":"2019-01-07T08:05:56","slug":"elemi-informatika","status":"publish","type":"page","link":"https:\/\/abonyita.inf.elte.hu\/?page_id=1920","title":{"rendered":"Elemi informatika"},"content":{"rendered":"<p>Tematika: Az informatikametodika fontos k\u00e9rd\u00e9sei, szakmai metodikai m\u00f3dszerek \u00e9s eszk\u00f6z\u00f6k elsaj\u00e1t\u00edt\u00e1sa.<\/p>\n<p>A t\u00e1rgy \u00e1ttekinti a k\u00f6zoktat\u00e1si informatika tant\u00e1rgy egyes ter\u00fcleteit, tan\u00edt\u00e1si m\u00f3dszereit.<\/p>\n<p>Feladata az el\u0151felt\u00e9telk\u00e9nt teljes\u00edtett kurzusok sor\u00e1n m\u00e1r elsaj\u00e1t\u00edtott ismereteknek az oktat\u00e1s szempontj\u00e1b\u00f3l t\u00f6rt\u00e9n\u0151 ism\u00e9tl\u00e9se, szintetiz\u00e1l\u00e1sa, ezekhez kapcsol\u00f3d\u00f3 \u00e9retts\u00e9gi, ECDL, OKTV stb. feladatok megold\u00e1sa, ilyen szint\u0171 feladatok kit\u0171z\u00e9se, \u00f6ssze\u00e1ll\u00edt\u00e1sa, \u00e9rt\u00e9kel\u00e9se, jav\u00edt\u00e1si-\u00e9rt\u00e9kel\u00e9si \u00fatmutat\u00f3 k\u00e9sz\u00edt\u00e9se.\u00a0<\/p>\n\n\n<p><\/p>\n","protected":false},"excerpt":{"rendered":"<p>Tematika: Az informatikametodika fontos k\u00e9rd\u00e9sei, szakmai metodikai m\u00f3dszerek \u00e9s eszk\u00f6z\u00f6k elsaj\u00e1t\u00edt\u00e1sa. A t\u00e1rgy \u00e1ttekinti a k\u00f6zoktat\u00e1si informatika tant\u00e1rgy egyes ter\u00fcleteit, tan\u00edt\u00e1si m\u00f3dszereit. Feladata az el\u0151felt\u00e9telk\u00e9nt teljes\u00edtett kurzusok sor\u00e1n m\u00e1r elsaj\u00e1t\u00edtott ismereteknek az oktat\u00e1s szempontj\u00e1b\u00f3l t\u00f6rt\u00e9n\u0151 ism\u00e9tl\u00e9se, szintetiz\u00e1l\u00e1sa, ezekhez kapcsol\u00f3d\u00f3 \u00e9retts\u00e9gi, ECDL, OKTV stb. feladatok megold\u00e1sa, ilyen szint\u0171 feladatok kit\u0171z\u00e9se, \u00f6ssze\u00e1ll\u00edt\u00e1sa, \u00e9rt\u00e9kel\u00e9se, jav\u00edt\u00e1si-\u00e9rt\u00e9kel\u00e9si \u00fatmutat\u00f3 k\u00e9sz\u00edt\u00e9se.\u00a0<\/p>\n<a href=\"https:\/\/abonyita.inf.elte.hu\/?page_id=1920\" class=\"read-more-link\">Tov\u00e1bb olvasom  <span class=\"screen-reader-text\">\"Elemi informatika\"<\/span> <span class=\"meta-nav\">&rarr;<\/span><\/a>","protected":false},"author":1,"featured_media":2209,"parent":9,"menu_order":5,"comment_status":"closed","ping_status":"closed","template":"page-template\/_sidebar.php","meta":{"footnotes":""},"class_list":["post-1920","page","type-page","status-publish","has-post-thumbnail","hentry","penguin-post","penguin-post-not-sticky"],"_links":{"self":[{"href":"https:\/\/abonyita.inf.elte.hu\/index.php?rest_route=\/wp\/v2\/pages\/1920","targetHints":{"allow":["GET"]}}],"collection":[{"href":"https:\/\/abonyita.inf.elte.hu\/index.php?rest_route=\/wp\/v2\/pages"}],"about":[{"href":"https:\/\/abonyita.inf.elte.hu\/index.php?rest_route=\/wp\/v2\/types\/page"}],"author":[{"embeddable":true,"href":"https:\/\/abonyita.inf.elte.hu\/index.php?rest_route=\/wp\/v2\/users\/1"}],"replies":[{"embeddable":true,"href":"https:\/\/abonyita.inf.elte.hu\/index.php?rest_route=%2Fwp%2Fv2%2Fcomments&post=1920"}],"version-history":[{"count":2,"href":"https:\/\/abonyita.inf.elte.hu\/index.php?rest_route=\/wp\/v2\/pages\/1920\/revisions"}],"predecessor-version":[{"id":2210,"href":"https:\/\/abonyita.inf.elte.hu\/index.php?rest_route=\/wp\/v2\/pages\/1920\/revisions\/2210"}],"up":[{"embeddable":true,"href":"https:\/\/abonyita.inf.elte.hu\/index.php?rest_route=\/wp\/v2\/pages\/9"}],"wp:featuredmedia":[{"embeddable":true,"href":"https:\/\/abonyita.inf.elte.hu\/index.php?rest_route=\/wp\/v2\/media\/2209"}],"wp:attachment":[{"href":"https:\/\/abonyita.inf.elte.hu\/index.php?rest_route=%2Fwp%2Fv2%2Fmedia&parent=1920"}],"curies":[{"name":"wp","href":"https:\/\/api.w.org\/{rel}","templated":true}]}}